{"id":2,"date":"2010-12-31T10:13:56","date_gmt":"2010-12-31T10:13:56","guid":{"rendered":"http:\/\/gartenbauberatung-fittje.de\/?page_id=2"},"modified":"2025-10-15T13:29:40","modified_gmt":"2025-10-15T13:29:40","slug":"eine-seite","status":"publish","type":"page","link":"https:\/\/gartenbauberatung-fittje.de\/?page_id=2","title":{"rendered":"Beratung"},"content":{"rendered":"<p>Das Hauptgebiet meiner Beratung liegt bei den Azerca- \/ Moorbeetkulturen.<br \/>\n(Azerca steht f\u00fcr <strong>Az<\/strong>aleen + <strong>Er<\/strong>iken + <strong>Ca<\/strong>llunen)<\/p>\n<p>&nbsp;<\/p>\n<p>Zu meinen Beratungsinhalten geh\u00f6ren<\/p>\n<ul>\n<li>D\u00fcngung (mit Auswertung von Substrat- und Wasseranalysen)<\/li>\n<li>Pflanzenschutz<\/li>\n<li>Pflanzenst\u00e4rkung<\/li>\n<li>Kulturtechnik<\/li>\n<li>Arbeitsoptimierung<\/li>\n<li>Kennzahlenvergleiche<\/li>\n<li>Liquidit\u00e4tsplanung<\/li>\n<\/ul>\n<p>&nbsp;<\/p>\n<p>Die Beratung kann erfolgen<\/p>\n<ul>\n<li>vor Ort im Betrieb<\/li>\n<li>\u00fcber Telefon<\/li>\n<li>\u00fcber E-Mail, Fax oder Brief<\/li>\n<\/ul>\n<p>&nbsp;<\/p>\n<p>Durch meine historisch begr\u00fcndete Konzentration auf Azerca-Betriebe bin ich besonders auf diese Zielgruppe ausgerichtet, berate aber auch Unternehmen aus dem Bereich Zierpflanzenbau und Baumschule, in deren Schnittmenge ich meine T\u00e4tigkeit sehe.<\/p>\n<p>&nbsp;<\/p>\n<p>Die Konzentration auf Detailfragen im Spezialanbau von Topfpflanzen in Kalth\u00e4usern oder auf Freilandstellfl\u00e4chen ist die St\u00e4rke dieser Beratung, f\u00fcr welche Kultur sie auch immer gedacht ist!<\/p>\n<p><a href=\"https:\/\/i0.wp.com\/gartenbauberatung-fittje.de\/wp-content\/uploads\/2011\/01\/06130001.jpg?ssl=1\"><img data-recalc-dims=\"1\" loading=\"lazy\" decoding=\"async\" class=\"alignnone size-medium wp-image-59\" title=\"06130001\" src=\"https:\/\/i0.wp.com\/gartenbauberatung-fittje.de\/wp-content\/uploads\/2011\/01\/06130001.jpg?resize=300%2C225&#038;ssl=1\" alt=\"\" width=\"300\" height=\"225\" srcset=\"https:\/\/i0.wp.com\/gartenbauberatung-fittje.de\/wp-content\/uploads\/2011\/01\/06130001.jpg?resize=300%2C225&amp;ssl=1 300w, https:\/\/i0.wp.com\/gartenbauberatung-fittje.de\/wp-content\/uploads\/2011\/01\/06130001.jpg?w=600&amp;ssl=1 600w\" sizes=\"auto, (max-width: 300px) 100vw, 300px\" \/><\/a><\/p>\n<p>&nbsp;<\/p>\n<p>&nbsp;<\/p>\n<p>&nbsp;<\/p>\n","protected":false},"excerpt":{"rendered":"<p>Das Hauptgebiet meiner Beratung liegt bei den Azerca- \/ Moorbeetkulturen. (Azerca steht f\u00fcr Azaleen + Eriken + Callunen) &nbsp; Zu meinen Beratungsinhalten geh\u00f6ren D\u00fcngung (mit Auswertung von Substrat- und Wasseranalysen) Pflanzenschutz Pflanzenst\u00e4rkung Kulturtechnik Arbeitsoptimierung Kennzahlenvergleiche Liquidit\u00e4tsplanung &nbsp; Die Beratung kann erfolgen vor Ort im Betrieb \u00fcber Telefon \u00fcber E-Mail, Fax oder Brief &nbsp; Durch meine [&hellip;]<\/p>\n","protected":false},"author":1,"featured_media":0,"parent":0,"menu_order":0,"comment_status":"closed","ping_status":"open","template":"","meta":{"footnotes":""},"class_list":["post-2","page","type-page","status-publish","hentry"],"jetpack_sharing_enabled":true,"_links":{"self":[{"href":"https:\/\/gartenbauberatung-fittje.de\/index.php?rest_route=\/wp\/v2\/pages\/2","targetHints":{"allow":["GET"]}}],"collection":[{"href":"https:\/\/gartenbauberatung-fittje.de\/index.php?rest_route=\/wp\/v2\/pages"}],"about":[{"href":"https:\/\/gartenbauberatung-fittje.de\/index.php?rest_route=\/wp\/v2\/types\/page"}],"author":[{"embeddable":true,"href":"https:\/\/gartenbauberatung-fittje.de\/index.php?rest_route=\/wp\/v2\/users\/1"}],"replies":[{"embeddable":true,"href":"https:\/\/gartenbauberatung-fittje.de\/index.php?rest_route=%2Fwp%2Fv2%2Fcomments&post=2"}],"version-history":[{"count":14,"href":"https:\/\/gartenbauberatung-fittje.de\/index.php?rest_route=\/wp\/v2\/pages\/2\/revisions"}],"predecessor-version":[{"id":1631,"href":"https:\/\/gartenbauberatung-fittje.de\/index.php?rest_route=\/wp\/v2\/pages\/2\/revisions\/1631"}],"wp:attachment":[{"href":"https:\/\/gartenbauberatung-fittje.de\/index.php?rest_route=%2Fwp%2Fv2%2Fmedia&parent=2"}],"curies":[{"name":"wp","href":"https:\/\/api.w.org\/{rel}","templated":true}]}}